{"id":1397,"date":"2018-12-18T11:58:09","date_gmt":"2018-12-18T10:58:09","guid":{"rendered":"https:\/\/cusinato.com\/new\/home\/"},"modified":"2025-06-16T17:51:56","modified_gmt":"2025-06-16T15:51:56","slug":"home","status":"publish","type":"page","link":"https:\/\/cusinato.com\/fr\/","title":{"rendered":"Home"},"content":{"rendered":"<p><video style=\"width: 100%; height: 100%; max-width: 100%; margin: -1rem 0 -2rem;\" autoplay=\"autoplay\" loop=\"loop\" muted=\"\" width=\"300\" height=\"150\"><span data-mce-type=\"bookmark\" style=\"display: inline-block; width: 0px; overflow: hidden; line-height: 0;\" class=\"mce_SELRES_start\">\ufeff<\/span><source type=\"video\/mp4\" src=\"\/wp-content\/uploads\/2025\/06\/Cusinato-Giovanni-Srl-and-First-One-Srl_c.mp4\" \/><\/video><\/p>\n","protected":false},"excerpt":{"rendered":"<p>\ufeff<\/p>\n","protected":false},"author":1,"featured_media":0,"parent":0,"menu_order":0,"comment_status":"closed","ping_status":"closed","template":"front-page.php","meta":{"footnotes":""},"class_list":["post-1397","page","type-page","status-publish","hentry"],"acf":[],"yoast_head":"<!-- This site is optimized with the Yoast SEO plugin v26.3 - https:\/\/yoast.com\/wordpress\/plugins\/seo\/ -->\n<title>Cusinato: Machines de Transport et de Stockage de Produits<\/title>\n<meta name=\"description\" content=\"La soci\u00e9t\u00e9 Cusinato produit des silos de stockage et des machines de transport et de m\u00e9lange de produits granulaires pour l&#039;industrie.\" \/>\n<meta name=\"robots\" content=\"index, follow, max-snippet:-1, max-image-preview:large, max-video-preview:-1\" \/>\n<link rel=\"canonical\" href=\"https:\/\/cusinato.com\/fr\/\" \/>\n<meta property=\"og:locale\" content=\"fr_FR\" \/>\n<meta property=\"og:type\" content=\"article\" \/>\n<meta property=\"og:title\" content=\"Cusinato: Machines de Transport et de Stockage de Produits\" \/>\n<meta property=\"og:description\" content=\"La soci\u00e9t\u00e9 Cusinato produit des silos de stockage et des machines de transport et de m\u00e9lange de produits granulaires pour l&#039;industrie.\" \/>\n<meta property=\"og:url\" content=\"https:\/\/cusinato.com\/fr\/\" \/>\n<meta property=\"og:site_name\" content=\"Cusinato\" \/>\n<meta property=\"article:modified_time\" content=\"2025-06-16T15:51:56+00:00\" \/>\n<meta name=\"twitter:card\" content=\"summary_large_image\" \/>\n<script type=\"application\/ld+json\" class=\"yoast-schema-graph\">{\"@context\":\"https:\/\/schema.org\",\"@graph\":[{\"@type\":\"WebPage\",\"@id\":\"https:\/\/cusinato.com\/fr\/\",\"url\":\"https:\/\/cusinato.com\/fr\/\",\"name\":\"Cusinato: Machines de Transport et de Stockage de Produits\",\"isPartOf\":{\"@id\":\"https:\/\/cusinato.com\/fr\/#website\"},\"datePublished\":\"2018-12-18T10:58:09+00:00\",\"dateModified\":\"2025-06-16T15:51:56+00:00\",\"description\":\"La soci\u00e9t\u00e9 Cusinato produit des silos de stockage et des machines de transport et de m\u00e9lange de produits granulaires pour l'industrie.\",\"breadcrumb\":{\"@id\":\"https:\/\/cusinato.com\/fr\/#breadcrumb\"},\"inLanguage\":\"fr-FR\",\"potentialAction\":[{\"@type\":\"ReadAction\",\"target\":[\"https:\/\/cusinato.com\/fr\/\"]}]},{\"@type\":\"BreadcrumbList\",\"@id\":\"https:\/\/cusinato.com\/fr\/#breadcrumb\",\"itemListElement\":[{\"@type\":\"ListItem\",\"position\":1,\"name\":\"Home\",\"item\":\"https:\/\/cusinato.com\/fr\/\"},{\"@type\":\"ListItem\",\"position\":2,\"name\":\"Home\"}]},{\"@type\":\"WebSite\",\"@id\":\"https:\/\/cusinato.com\/fr\/#website\",\"url\":\"https:\/\/cusinato.com\/fr\/\",\"name\":\"Cusinato\",\"description\":\"Macchine di trasporto e lo stoccaggio\",\"publisher\":{\"@id\":\"https:\/\/cusinato.com\/fr\/#organization\"},\"potentialAction\":[{\"@type\":\"SearchAction\",\"target\":{\"@type\":\"EntryPoint\",\"urlTemplate\":\"https:\/\/cusinato.com\/fr\/?s={search_term_string}\"},\"query-input\":{\"@type\":\"PropertyValueSpecification\",\"valueRequired\":true,\"valueName\":\"search_term_string\"}}],\"inLanguage\":\"fr-FR\"},{\"@type\":\"Organization\",\"@id\":\"https:\/\/cusinato.com\/fr\/#organization\",\"name\":\"Cusinato\",\"url\":\"https:\/\/cusinato.com\/fr\/\",\"logo\":{\"@type\":\"ImageObject\",\"inLanguage\":\"fr-FR\",\"@id\":\"https:\/\/cusinato.com\/fr\/#\/schema\/logo\/image\/\",\"url\":\"https:\/\/cusinato.com\/wp-content\/uploads\/2024\/01\/cusinato_logo_24.png\",\"contentUrl\":\"https:\/\/cusinato.com\/wp-content\/uploads\/2024\/01\/cusinato_logo_24.png\",\"width\":296,\"height\":64,\"caption\":\"Cusinato\"},\"image\":{\"@id\":\"https:\/\/cusinato.com\/fr\/#\/schema\/logo\/image\/\"}}]}<\/script>\n<!-- \/ Yoast SEO plugin. -->","yoast_head_json":{"title":"Cusinato: Machines de Transport et de Stockage de Produits","description":"La soci\u00e9t\u00e9 Cusinato produit des silos de stockage et des machines de transport et de m\u00e9lange de produits granulaires pour l'industrie.","robots":{"index":"index","follow":"follow","max-snippet":"max-snippet:-1","max-image-preview":"max-image-preview:large","max-video-preview":"max-video-preview:-1"},"canonical":"https:\/\/cusinato.com\/fr\/","og_locale":"fr_FR","og_type":"article","og_title":"Cusinato: Machines de Transport et de Stockage de Produits","og_description":"La soci\u00e9t\u00e9 Cusinato produit des silos de stockage et des machines de transport et de m\u00e9lange de produits granulaires pour l'industrie.","og_url":"https:\/\/cusinato.com\/fr\/","og_site_name":"Cusinato","article_modified_time":"2025-06-16T15:51:56+00:00","twitter_card":"summary_large_image","schema":{"@context":"https:\/\/schema.org","@graph":[{"@type":"WebPage","@id":"https:\/\/cusinato.com\/fr\/","url":"https:\/\/cusinato.com\/fr\/","name":"Cusinato: Machines de Transport et de Stockage de Produits","isPartOf":{"@id":"https:\/\/cusinato.com\/fr\/#website"},"datePublished":"2018-12-18T10:58:09+00:00","dateModified":"2025-06-16T15:51:56+00:00","description":"La soci\u00e9t\u00e9 Cusinato produit des silos de stockage et des machines de transport et de m\u00e9lange de produits granulaires pour l'industrie.","breadcrumb":{"@id":"https:\/\/cusinato.com\/fr\/#breadcrumb"},"inLanguage":"fr-FR","potentialAction":[{"@type":"ReadAction","target":["https:\/\/cusinato.com\/fr\/"]}]},{"@type":"BreadcrumbList","@id":"https:\/\/cusinato.com\/fr\/#breadcrumb","itemListElement":[{"@type":"ListItem","position":1,"name":"Home","item":"https:\/\/cusinato.com\/fr\/"},{"@type":"ListItem","position":2,"name":"Home"}]},{"@type":"WebSite","@id":"https:\/\/cusinato.com\/fr\/#website","url":"https:\/\/cusinato.com\/fr\/","name":"Cusinato","description":"Macchine di trasporto e lo stoccaggio","publisher":{"@id":"https:\/\/cusinato.com\/fr\/#organization"},"potentialAction":[{"@type":"SearchAction","target":{"@type":"EntryPoint","urlTemplate":"https:\/\/cusinato.com\/fr\/?s={search_term_string}"},"query-input":{"@type":"PropertyValueSpecification","valueRequired":true,"valueName":"search_term_string"}}],"inLanguage":"fr-FR"},{"@type":"Organization","@id":"https:\/\/cusinato.com\/fr\/#organization","name":"Cusinato","url":"https:\/\/cusinato.com\/fr\/","logo":{"@type":"ImageObject","inLanguage":"fr-FR","@id":"https:\/\/cusinato.com\/fr\/#\/schema\/logo\/image\/","url":"https:\/\/cusinato.com\/wp-content\/uploads\/2024\/01\/cusinato_logo_24.png","contentUrl":"https:\/\/cusinato.com\/wp-content\/uploads\/2024\/01\/cusinato_logo_24.png","width":296,"height":64,"caption":"Cusinato"},"image":{"@id":"https:\/\/cusinato.com\/fr\/#\/schema\/logo\/image\/"}}]}},"_links":{"self":[{"href":"https:\/\/cusinato.com\/fr\/wp-json\/wp\/v2\/pages\/1397","targetHints":{"allow":["GET"]}}],"collection":[{"href":"https:\/\/cusinato.com\/fr\/wp-json\/wp\/v2\/pages"}],"about":[{"href":"https:\/\/cusinato.com\/fr\/wp-json\/wp\/v2\/types\/page"}],"author":[{"embeddable":true,"href":"https:\/\/cusinato.com\/fr\/wp-json\/wp\/v2\/users\/1"}],"replies":[{"embeddable":true,"href":"https:\/\/cusinato.com\/fr\/wp-json\/wp\/v2\/comments?post=1397"}],"version-history":[{"count":27,"href":"https:\/\/cusinato.com\/fr\/wp-json\/wp\/v2\/pages\/1397\/revisions"}],"predecessor-version":[{"id":5834,"href":"https:\/\/cusinato.com\/fr\/wp-json\/wp\/v2\/pages\/1397\/revisions\/5834"}],"wp:attachment":[{"href":"https:\/\/cusinato.com\/fr\/wp-json\/wp\/v2\/media?parent=1397"}],"curies":[{"name":"wp","href":"https:\/\/api.w.org\/{rel}","templated":true}]}}