{"id":2397,"date":"2019-11-08T10:47:37","date_gmt":"2019-11-08T09:47:37","guid":{"rendered":"https:\/\/cusinato.com\/new\/macchine\/"},"modified":"2024-09-26T11:21:39","modified_gmt":"2024-09-26T09:21:39","slug":"maquinas","status":"publish","type":"page","link":"https:\/\/cusinato.com\/es\/maquinas\/","title":{"rendered":"M\u00e1quinas"},"content":{"rendered":"<p>Nuestras m\u00e1quinas est\u00e1n al servicio de todos los sectores en los que es necesario el desplazamiento y el almacenamiento de productos granulares como: pasta, harina, legumbres, fruta seca, snack, caramelos, congelados, alimentos para mascotas (pet food), arenas especiales, etc.<\/p>\n<p><strong>&gt;&gt; Para solicitar el cat\u00e1logo env\u00ede un correo electr\u00f3nico a la direcci\u00f3n <\/strong><a href=\"mailto:sales@cusinato.com\"><strong>sales@cusinato.com<\/strong><\/a><\/p>\n","protected":false},"excerpt":{"rendered":"<p>Nuestras m\u00e1quinas est\u00e1n al servicio de todos los sectores en los que es necesario el desplazamiento y el almacenamiento de productos granulares como: pasta, harina, legumbres, fruta seca, snack, caramelos, congelados, alimentos para mascotas (pet food), arenas especiales, etc. &gt;&gt; Para solicitar el cat\u00e1logo env\u00ede un correo electr\u00f3nico a la direcci\u00f3n sales@cusinato.com<\/p>\n","protected":false},"author":1,"featured_media":1890,"parent":0,"menu_order":0,"comment_status":"closed","ping_status":"closed","template":"impianti.php","meta":{"footnotes":""},"class_list":["post-2397","page","type-page","status-publish","has-post-thumbnail","hentry"],"acf":[],"yoast_head":"<!-- This site is optimized with the Yoast SEO plugin v26.3 - https:\/\/yoast.com\/wordpress\/plugins\/seo\/ -->\n<title>M\u00e1quinas - Cusinato<\/title>\n<meta name=\"robots\" content=\"index, follow, max-snippet:-1, max-image-preview:large, max-video-preview:-1\" \/>\n<link rel=\"canonical\" href=\"https:\/\/cusinato.com\/es\/maquinas\/\" \/>\n<meta property=\"og:locale\" content=\"es_ES\" \/>\n<meta property=\"og:type\" content=\"article\" \/>\n<meta property=\"og:title\" content=\"M\u00e1quinas - Cusinato\" \/>\n<meta property=\"og:description\" content=\"Nuestras m\u00e1quinas est\u00e1n al servicio de todos los sectores en los que es necesario el desplazamiento y el almacenamiento de productos granulares como: pasta, harina, legumbres, fruta seca, snack, caramelos, congelados, alimentos para mascotas (pet food), arenas especiales, etc. &gt;&gt; Para solicitar el cat\u00e1logo env\u00ede un correo electr\u00f3nico a la direcci\u00f3n sales@cusinato.com\" \/>\n<meta property=\"og:url\" content=\"https:\/\/cusinato.com\/es\/maquinas\/\" \/>\n<meta property=\"og:site_name\" content=\"Cusinato\" \/>\n<meta property=\"article:modified_time\" content=\"2024-09-26T09:21:39+00:00\" \/>\n<meta property=\"og:image\" content=\"https:\/\/cusinato.com\/wp-content\/uploads\/2019\/11\/discensori_spirale.jpg\" \/>\n\t<meta property=\"og:image:width\" content=\"1920\" \/>\n\t<meta property=\"og:image:height\" content=\"2057\" \/>\n\t<meta property=\"og:image:type\" content=\"image\/jpeg\" \/>\n<meta name=\"twitter:card\" content=\"summary_large_image\" \/>\n<meta name=\"twitter:label1\" content=\"Tiempo de lectura\" \/>\n\t<meta name=\"twitter:data1\" content=\"1 minuto\" \/>\n<script type=\"application\/ld+json\" class=\"yoast-schema-graph\">{\"@context\":\"https:\/\/schema.org\",\"@graph\":[{\"@type\":\"WebPage\",\"@id\":\"https:\/\/cusinato.com\/es\/maquinas\/\",\"url\":\"https:\/\/cusinato.com\/es\/maquinas\/\",\"name\":\"M\u00e1quinas - Cusinato\",\"isPartOf\":{\"@id\":\"https:\/\/cusinato.com\/es\/#website\"},\"primaryImageOfPage\":{\"@id\":\"https:\/\/cusinato.com\/es\/maquinas\/#primaryimage\"},\"image\":{\"@id\":\"https:\/\/cusinato.com\/es\/maquinas\/#primaryimage\"},\"thumbnailUrl\":\"https:\/\/cusinato.com\/wp-content\/uploads\/2019\/11\/discensori_spirale.jpg\",\"datePublished\":\"2019-11-08T09:47:37+00:00\",\"dateModified\":\"2024-09-26T09:21:39+00:00\",\"breadcrumb\":{\"@id\":\"https:\/\/cusinato.com\/es\/maquinas\/#breadcrumb\"},\"inLanguage\":\"es\",\"potentialAction\":[{\"@type\":\"ReadAction\",\"target\":[\"https:\/\/cusinato.com\/es\/maquinas\/\"]}]},{\"@type\":\"ImageObject\",\"inLanguage\":\"es\",\"@id\":\"https:\/\/cusinato.com\/es\/maquinas\/#primaryimage\",\"url\":\"https:\/\/cusinato.com\/wp-content\/uploads\/2019\/11\/discensori_spirale.jpg\",\"contentUrl\":\"https:\/\/cusinato.com\/wp-content\/uploads\/2019\/11\/discensori_spirale.jpg\",\"width\":1920,\"height\":2057,\"caption\":\"discensori a spirale\"},{\"@type\":\"BreadcrumbList\",\"@id\":\"https:\/\/cusinato.com\/es\/maquinas\/#breadcrumb\",\"itemListElement\":[{\"@type\":\"ListItem\",\"position\":1,\"name\":\"Home\",\"item\":\"https:\/\/cusinato.com\/es\/\"},{\"@type\":\"ListItem\",\"position\":2,\"name\":\"M\u00e1quinas\"}]},{\"@type\":\"WebSite\",\"@id\":\"https:\/\/cusinato.com\/es\/#website\",\"url\":\"https:\/\/cusinato.com\/es\/\",\"name\":\"Cusinato\",\"description\":\"Macchine di trasporto e lo stoccaggio\",\"publisher\":{\"@id\":\"https:\/\/cusinato.com\/es\/#organization\"},\"potentialAction\":[{\"@type\":\"SearchAction\",\"target\":{\"@type\":\"EntryPoint\",\"urlTemplate\":\"https:\/\/cusinato.com\/es\/?s={search_term_string}\"},\"query-input\":{\"@type\":\"PropertyValueSpecification\",\"valueRequired\":true,\"valueName\":\"search_term_string\"}}],\"inLanguage\":\"es\"},{\"@type\":\"Organization\",\"@id\":\"https:\/\/cusinato.com\/es\/#organization\",\"name\":\"Cusinato\",\"url\":\"https:\/\/cusinato.com\/es\/\",\"logo\":{\"@type\":\"ImageObject\",\"inLanguage\":\"es\",\"@id\":\"https:\/\/cusinato.com\/es\/#\/schema\/logo\/image\/\",\"url\":\"https:\/\/cusinato.com\/wp-content\/uploads\/2024\/01\/cusinato_logo_24.png\",\"contentUrl\":\"https:\/\/cusinato.com\/wp-content\/uploads\/2024\/01\/cusinato_logo_24.png\",\"width\":296,\"height\":64,\"caption\":\"Cusinato\"},\"image\":{\"@id\":\"https:\/\/cusinato.com\/es\/#\/schema\/logo\/image\/\"}}]}<\/script>\n<!-- \/ Yoast SEO plugin. -->","yoast_head_json":{"title":"M\u00e1quinas - Cusinato","robots":{"index":"index","follow":"follow","max-snippet":"max-snippet:-1","max-image-preview":"max-image-preview:large","max-video-preview":"max-video-preview:-1"},"canonical":"https:\/\/cusinato.com\/es\/maquinas\/","og_locale":"es_ES","og_type":"article","og_title":"M\u00e1quinas - Cusinato","og_description":"Nuestras m\u00e1quinas est\u00e1n al servicio de todos los sectores en los que es necesario el desplazamiento y el almacenamiento de productos granulares como: pasta, harina, legumbres, fruta seca, snack, caramelos, congelados, alimentos para mascotas (pet food), arenas especiales, etc. &gt;&gt; Para solicitar el cat\u00e1logo env\u00ede un correo electr\u00f3nico a la direcci\u00f3n sales@cusinato.com","og_url":"https:\/\/cusinato.com\/es\/maquinas\/","og_site_name":"Cusinato","article_modified_time":"2024-09-26T09:21:39+00:00","og_image":[{"width":1920,"height":2057,"url":"https:\/\/cusinato.com\/wp-content\/uploads\/2019\/11\/discensori_spirale.jpg","type":"image\/jpeg"}],"twitter_card":"summary_large_image","twitter_misc":{"Tiempo de lectura":"1 minuto"},"schema":{"@context":"https:\/\/schema.org","@graph":[{"@type":"WebPage","@id":"https:\/\/cusinato.com\/es\/maquinas\/","url":"https:\/\/cusinato.com\/es\/maquinas\/","name":"M\u00e1quinas - Cusinato","isPartOf":{"@id":"https:\/\/cusinato.com\/es\/#website"},"primaryImageOfPage":{"@id":"https:\/\/cusinato.com\/es\/maquinas\/#primaryimage"},"image":{"@id":"https:\/\/cusinato.com\/es\/maquinas\/#primaryimage"},"thumbnailUrl":"https:\/\/cusinato.com\/wp-content\/uploads\/2019\/11\/discensori_spirale.jpg","datePublished":"2019-11-08T09:47:37+00:00","dateModified":"2024-09-26T09:21:39+00:00","breadcrumb":{"@id":"https:\/\/cusinato.com\/es\/maquinas\/#breadcrumb"},"inLanguage":"es","potentialAction":[{"@type":"ReadAction","target":["https:\/\/cusinato.com\/es\/maquinas\/"]}]},{"@type":"ImageObject","inLanguage":"es","@id":"https:\/\/cusinato.com\/es\/maquinas\/#primaryimage","url":"https:\/\/cusinato.com\/wp-content\/uploads\/2019\/11\/discensori_spirale.jpg","contentUrl":"https:\/\/cusinato.com\/wp-content\/uploads\/2019\/11\/discensori_spirale.jpg","width":1920,"height":2057,"caption":"discensori a spirale"},{"@type":"BreadcrumbList","@id":"https:\/\/cusinato.com\/es\/maquinas\/#breadcrumb","itemListElement":[{"@type":"ListItem","position":1,"name":"Home","item":"https:\/\/cusinato.com\/es\/"},{"@type":"ListItem","position":2,"name":"M\u00e1quinas"}]},{"@type":"WebSite","@id":"https:\/\/cusinato.com\/es\/#website","url":"https:\/\/cusinato.com\/es\/","name":"Cusinato","description":"Macchine di trasporto e lo stoccaggio","publisher":{"@id":"https:\/\/cusinato.com\/es\/#organization"},"potentialAction":[{"@type":"SearchAction","target":{"@type":"EntryPoint","urlTemplate":"https:\/\/cusinato.com\/es\/?s={search_term_string}"},"query-input":{"@type":"PropertyValueSpecification","valueRequired":true,"valueName":"search_term_string"}}],"inLanguage":"es"},{"@type":"Organization","@id":"https:\/\/cusinato.com\/es\/#organization","name":"Cusinato","url":"https:\/\/cusinato.com\/es\/","logo":{"@type":"ImageObject","inLanguage":"es","@id":"https:\/\/cusinato.com\/es\/#\/schema\/logo\/image\/","url":"https:\/\/cusinato.com\/wp-content\/uploads\/2024\/01\/cusinato_logo_24.png","contentUrl":"https:\/\/cusinato.com\/wp-content\/uploads\/2024\/01\/cusinato_logo_24.png","width":296,"height":64,"caption":"Cusinato"},"image":{"@id":"https:\/\/cusinato.com\/es\/#\/schema\/logo\/image\/"}}]}},"_links":{"self":[{"href":"https:\/\/cusinato.com\/es\/wp-json\/wp\/v2\/pages\/2397","targetHints":{"allow":["GET"]}}],"collection":[{"href":"https:\/\/cusinato.com\/es\/wp-json\/wp\/v2\/pages"}],"about":[{"href":"https:\/\/cusinato.com\/es\/wp-json\/wp\/v2\/types\/page"}],"author":[{"embeddable":true,"href":"https:\/\/cusinato.com\/es\/wp-json\/wp\/v2\/users\/1"}],"replies":[{"embeddable":true,"href":"https:\/\/cusinato.com\/es\/wp-json\/wp\/v2\/comments?post=2397"}],"version-history":[{"count":4,"href":"https:\/\/cusinato.com\/es\/wp-json\/wp\/v2\/pages\/2397\/revisions"}],"predecessor-version":[{"id":5740,"href":"https:\/\/cusinato.com\/es\/wp-json\/wp\/v2\/pages\/2397\/revisions\/5740"}],"wp:featuredmedia":[{"embeddable":true,"href":"https:\/\/cusinato.com\/es\/wp-json\/wp\/v2\/media\/1890"}],"wp:attachment":[{"href":"https:\/\/cusinato.com\/es\/wp-json\/wp\/v2\/media?parent=2397"}],"curies":[{"name":"wp","href":"https:\/\/api.w.org\/{rel}","templated":true}]}}