{"id":2568,"date":"2018-12-18T15:43:04","date_gmt":"2018-12-18T14:43:04","guid":{"rendered":"https:\/\/cusinato.com\/new\/azienda\/"},"modified":"2025-06-25T15:04:58","modified_gmt":"2025-06-25T13:04:58","slug":"unternehmen","status":"publish","type":"page","link":"https:\/\/cusinato.com\/de\/unternehmen\/","title":{"rendered":"Unternehmen"},"content":{"rendered":"","protected":false},"excerpt":{"rendered":"","protected":false},"author":1,"featured_media":1416,"parent":0,"menu_order":0,"comment_status":"closed","ping_status":"closed","template":"azienda.php","meta":{"footnotes":""},"class_list":["post-2568","page","type-page","status-publish","has-post-thumbnail","hentry"],"acf":[],"yoast_head":"<!-- This site is optimized with the Yoast SEO plugin v26.3 - https:\/\/yoast.com\/wordpress\/plugins\/seo\/ -->\n<title>Cusinato: F\u00fchrend bei Handling- und Lagersystemen<\/title>\n<meta name=\"description\" content=\"Cusinato Giovanni ist seit \u00fcber f\u00fcnfundzwanzig Jahren im Bereich des Handlings und der Lagersystemen von Produkten t\u00e4tig.\" \/>\n<meta name=\"robots\" content=\"index, follow, max-snippet:-1, max-image-preview:large, max-video-preview:-1\" \/>\n<link rel=\"canonical\" href=\"https:\/\/cusinato.com\/de\/unternehmen\/\" \/>\n<meta property=\"og:locale\" content=\"de_DE\" \/>\n<meta property=\"og:type\" content=\"article\" \/>\n<meta property=\"og:title\" content=\"Cusinato: F\u00fchrend bei Handling- und Lagersystemen\" \/>\n<meta property=\"og:description\" content=\"Cusinato Giovanni ist seit \u00fcber f\u00fcnfundzwanzig Jahren im Bereich des Handlings und der Lagersystemen von Produkten t\u00e4tig.\" \/>\n<meta property=\"og:url\" content=\"https:\/\/cusinato.com\/de\/unternehmen\/\" \/>\n<meta property=\"og:site_name\" content=\"Cusinato\" \/>\n<meta property=\"article:modified_time\" content=\"2025-06-25T13:04:58+00:00\" \/>\n<meta property=\"og:image\" content=\"https:\/\/cusinato.com\/wp-content\/uploads\/2019\/02\/new_azienda.jpg\" \/>\n\t<meta property=\"og:image:width\" content=\"1920\" \/>\n\t<meta property=\"og:image:height\" content=\"700\" \/>\n\t<meta property=\"og:image:type\" content=\"image\/jpeg\" \/>\n<meta name=\"twitter:card\" content=\"summary_large_image\" \/>\n<script type=\"application\/ld+json\" class=\"yoast-schema-graph\">{\"@context\":\"https:\/\/schema.org\",\"@graph\":[{\"@type\":\"WebPage\",\"@id\":\"https:\/\/cusinato.com\/de\/unternehmen\/\",\"url\":\"https:\/\/cusinato.com\/de\/unternehmen\/\",\"name\":\"Cusinato: F\u00fchrend bei Handling- und Lagersystemen\",\"isPartOf\":{\"@id\":\"https:\/\/cusinato.com\/de\/#website\"},\"primaryImageOfPage\":{\"@id\":\"https:\/\/cusinato.com\/de\/unternehmen\/#primaryimage\"},\"image\":{\"@id\":\"https:\/\/cusinato.com\/de\/unternehmen\/#primaryimage\"},\"thumbnailUrl\":\"https:\/\/cusinato.com\/wp-content\/uploads\/2019\/02\/new_azienda.jpg\",\"datePublished\":\"2018-12-18T14:43:04+00:00\",\"dateModified\":\"2025-06-25T13:04:58+00:00\",\"description\":\"Cusinato Giovanni ist seit \u00fcber f\u00fcnfundzwanzig Jahren im Bereich des Handlings und der Lagersystemen von Produkten t\u00e4tig.\",\"breadcrumb\":{\"@id\":\"https:\/\/cusinato.com\/de\/unternehmen\/#breadcrumb\"},\"inLanguage\":\"de\",\"potentialAction\":[{\"@type\":\"ReadAction\",\"target\":[\"https:\/\/cusinato.com\/de\/unternehmen\/\"]}]},{\"@type\":\"ImageObject\",\"inLanguage\":\"de\",\"@id\":\"https:\/\/cusinato.com\/de\/unternehmen\/#primaryimage\",\"url\":\"https:\/\/cusinato.com\/wp-content\/uploads\/2019\/02\/new_azienda.jpg\",\"contentUrl\":\"https:\/\/cusinato.com\/wp-content\/uploads\/2019\/02\/new_azienda.jpg\",\"width\":1920,\"height\":700,\"caption\":\"Cusinato Giovanni S.r.l. - Azienda - foto1\"},{\"@type\":\"BreadcrumbList\",\"@id\":\"https:\/\/cusinato.com\/de\/unternehmen\/#breadcrumb\",\"itemListElement\":[{\"@type\":\"ListItem\",\"position\":1,\"name\":\"Home\",\"item\":\"https:\/\/cusinato.com\/de\/\"},{\"@type\":\"ListItem\",\"position\":2,\"name\":\"Unternehmen\"}]},{\"@type\":\"WebSite\",\"@id\":\"https:\/\/cusinato.com\/de\/#website\",\"url\":\"https:\/\/cusinato.com\/de\/\",\"name\":\"Cusinato\",\"description\":\"Macchine di trasporto e lo stoccaggio\",\"publisher\":{\"@id\":\"https:\/\/cusinato.com\/de\/#organization\"},\"potentialAction\":[{\"@type\":\"SearchAction\",\"target\":{\"@type\":\"EntryPoint\",\"urlTemplate\":\"https:\/\/cusinato.com\/de\/?s={search_term_string}\"},\"query-input\":{\"@type\":\"PropertyValueSpecification\",\"valueRequired\":true,\"valueName\":\"search_term_string\"}}],\"inLanguage\":\"de\"},{\"@type\":\"Organization\",\"@id\":\"https:\/\/cusinato.com\/de\/#organization\",\"name\":\"Cusinato\",\"url\":\"https:\/\/cusinato.com\/de\/\",\"logo\":{\"@type\":\"ImageObject\",\"inLanguage\":\"de\",\"@id\":\"https:\/\/cusinato.com\/de\/#\/schema\/logo\/image\/\",\"url\":\"https:\/\/cusinato.com\/wp-content\/uploads\/2024\/01\/cusinato_logo_24.png\",\"contentUrl\":\"https:\/\/cusinato.com\/wp-content\/uploads\/2024\/01\/cusinato_logo_24.png\",\"width\":296,\"height\":64,\"caption\":\"Cusinato\"},\"image\":{\"@id\":\"https:\/\/cusinato.com\/de\/#\/schema\/logo\/image\/\"}}]}<\/script>\n<!-- \/ Yoast SEO plugin. -->","yoast_head_json":{"title":"Cusinato: F\u00fchrend bei Handling- und Lagersystemen","description":"Cusinato Giovanni ist seit \u00fcber f\u00fcnfundzwanzig Jahren im Bereich des Handlings und der Lagersystemen von Produkten t\u00e4tig.","robots":{"index":"index","follow":"follow","max-snippet":"max-snippet:-1","max-image-preview":"max-image-preview:large","max-video-preview":"max-video-preview:-1"},"canonical":"https:\/\/cusinato.com\/de\/unternehmen\/","og_locale":"de_DE","og_type":"article","og_title":"Cusinato: F\u00fchrend bei Handling- und Lagersystemen","og_description":"Cusinato Giovanni ist seit \u00fcber f\u00fcnfundzwanzig Jahren im Bereich des Handlings und der Lagersystemen von Produkten t\u00e4tig.","og_url":"https:\/\/cusinato.com\/de\/unternehmen\/","og_site_name":"Cusinato","article_modified_time":"2025-06-25T13:04:58+00:00","og_image":[{"width":1920,"height":700,"url":"https:\/\/cusinato.com\/wp-content\/uploads\/2019\/02\/new_azienda.jpg","type":"image\/jpeg"}],"twitter_card":"summary_large_image","schema":{"@context":"https:\/\/schema.org","@graph":[{"@type":"WebPage","@id":"https:\/\/cusinato.com\/de\/unternehmen\/","url":"https:\/\/cusinato.com\/de\/unternehmen\/","name":"Cusinato: F\u00fchrend bei Handling- und Lagersystemen","isPartOf":{"@id":"https:\/\/cusinato.com\/de\/#website"},"primaryImageOfPage":{"@id":"https:\/\/cusinato.com\/de\/unternehmen\/#primaryimage"},"image":{"@id":"https:\/\/cusinato.com\/de\/unternehmen\/#primaryimage"},"thumbnailUrl":"https:\/\/cusinato.com\/wp-content\/uploads\/2019\/02\/new_azienda.jpg","datePublished":"2018-12-18T14:43:04+00:00","dateModified":"2025-06-25T13:04:58+00:00","description":"Cusinato Giovanni ist seit \u00fcber f\u00fcnfundzwanzig Jahren im Bereich des Handlings und der Lagersystemen von Produkten t\u00e4tig.","breadcrumb":{"@id":"https:\/\/cusinato.com\/de\/unternehmen\/#breadcrumb"},"inLanguage":"de","potentialAction":[{"@type":"ReadAction","target":["https:\/\/cusinato.com\/de\/unternehmen\/"]}]},{"@type":"ImageObject","inLanguage":"de","@id":"https:\/\/cusinato.com\/de\/unternehmen\/#primaryimage","url":"https:\/\/cusinato.com\/wp-content\/uploads\/2019\/02\/new_azienda.jpg","contentUrl":"https:\/\/cusinato.com\/wp-content\/uploads\/2019\/02\/new_azienda.jpg","width":1920,"height":700,"caption":"Cusinato Giovanni S.r.l. - Azienda - foto1"},{"@type":"BreadcrumbList","@id":"https:\/\/cusinato.com\/de\/unternehmen\/#breadcrumb","itemListElement":[{"@type":"ListItem","position":1,"name":"Home","item":"https:\/\/cusinato.com\/de\/"},{"@type":"ListItem","position":2,"name":"Unternehmen"}]},{"@type":"WebSite","@id":"https:\/\/cusinato.com\/de\/#website","url":"https:\/\/cusinato.com\/de\/","name":"Cusinato","description":"Macchine di trasporto e lo stoccaggio","publisher":{"@id":"https:\/\/cusinato.com\/de\/#organization"},"potentialAction":[{"@type":"SearchAction","target":{"@type":"EntryPoint","urlTemplate":"https:\/\/cusinato.com\/de\/?s={search_term_string}"},"query-input":{"@type":"PropertyValueSpecification","valueRequired":true,"valueName":"search_term_string"}}],"inLanguage":"de"},{"@type":"Organization","@id":"https:\/\/cusinato.com\/de\/#organization","name":"Cusinato","url":"https:\/\/cusinato.com\/de\/","logo":{"@type":"ImageObject","inLanguage":"de","@id":"https:\/\/cusinato.com\/de\/#\/schema\/logo\/image\/","url":"https:\/\/cusinato.com\/wp-content\/uploads\/2024\/01\/cusinato_logo_24.png","contentUrl":"https:\/\/cusinato.com\/wp-content\/uploads\/2024\/01\/cusinato_logo_24.png","width":296,"height":64,"caption":"Cusinato"},"image":{"@id":"https:\/\/cusinato.com\/de\/#\/schema\/logo\/image\/"}}]}},"_links":{"self":[{"href":"https:\/\/cusinato.com\/de\/wp-json\/wp\/v2\/pages\/2568","targetHints":{"allow":["GET"]}}],"collection":[{"href":"https:\/\/cusinato.com\/de\/wp-json\/wp\/v2\/pages"}],"about":[{"href":"https:\/\/cusinato.com\/de\/wp-json\/wp\/v2\/types\/page"}],"author":[{"embeddable":true,"href":"https:\/\/cusinato.com\/de\/wp-json\/wp\/v2\/users\/1"}],"replies":[{"embeddable":true,"href":"https:\/\/cusinato.com\/de\/wp-json\/wp\/v2\/comments?post=2568"}],"version-history":[{"count":23,"href":"https:\/\/cusinato.com\/de\/wp-json\/wp\/v2\/pages\/2568\/revisions"}],"predecessor-version":[{"id":5926,"href":"https:\/\/cusinato.com\/de\/wp-json\/wp\/v2\/pages\/2568\/revisions\/5926"}],"wp:featuredmedia":[{"embeddable":true,"href":"https:\/\/cusinato.com\/de\/wp-json\/wp\/v2\/media\/1416"}],"wp:attachment":[{"href":"https:\/\/cusinato.com\/de\/wp-json\/wp\/v2\/media?parent=2568"}],"curies":[{"name":"wp","href":"https:\/\/api.w.org\/{rel}","templated":true}]}}