{"id":1457,"date":"2019-02-08T14:56:01","date_gmt":"2019-02-08T13:56:01","guid":{"rendered":"https:\/\/cusinato.com\/new\/termini-e-condizioni\/"},"modified":"2019-03-06T12:55:55","modified_gmt":"2019-03-06T11:55:55","slug":"allgemeine-geschaeftsbedingungen","status":"publish","type":"page","link":"https:\/\/cusinato.com\/de\/allgemeine-geschaeftsbedingungen\/","title":{"rendered":"Allgemeine Gesch\u00e4ftsbedingungen"},"content":{"rendered":"<p>Der Benutzer, der die Dienste von cusinato.com \u2013 cusinato.us \u2013 cusinato.fr \u2013 cusinato.es \u2013 cusinato.de \u2013 cusinato.ru(genannt \u201cSite\u201d) nutzt, erkl\u00e4rt, diese Allgemeinen Gesch\u00e4ftsbedingungen (genannt \u201cBedingungen\u201d) gelesen und akzeptiert zu haben Das CUSINATO GIOVANNI Srl Soc. Unipersonalebeh\u00e4lt sich das Recht vor, \u00c4nderungen vorzunehmen, die nach dem Ermessen von CUSINATO GIOVANNI Srl Soc. Unipersonaleohne vorherige Ank\u00fcndigung zu erfolgen haben.<\/p>\n<p>Diese Bedingungen m\u00fcssen vom Benutzer gepr\u00fcft und gespeichert werden, bevor das Kaufverfahren f\u00fcr einen oder mehrere Dienste abgeschlossen wird. Die \u00dcbermittlung der Auftragsbest\u00e4tigung des Service setzt daher deren vollst\u00e4ndige Kenntnis und deren vollst\u00e4ndige Annahme voraus. Der Nutzer wird daher gebeten, die vorliegenden Vertragsklauseln zu speichern oder auszudrucken.<\/p>\n<p><strong>Definitionen<\/strong><\/p>\n<p>Um ein vollst\u00e4ndiges Verst\u00e4ndnis und die Akzeptanz dieser Bedingungen zu erm\u00f6glichen, haben die folgenden Begriffe im Singular und Plural die unten angegebene Bedeutung:<\/p>\n<ul>\n<li>Besitzer: CUSINATO GIOVANNI Srl Soc. Unipersonale, mit Sitz in Via Monte Pelmo 8 35018 S.Martino di Lupari PD,Italien, IT 02432270284, , 99.000 Euro i.v., privacy@cusinato.site, PEC-Adresse:: mail@pec.cusinato.com<\/li>\n<li>Anwendung: Website cusinato.com \u2013 cusinato.us \u2013 cusinato.fr \u2013 cusinato.es \u2013 cusinato.de \u2013 cusinato.ru ,verwaltet von CUSINATO GIOVANNI Srl Soc. Unipersonale,die es individuelle Dokumente bietet angetrieben progressiv zu kompilieren und verbindet Benutzer mit externen Fachleuten f\u00fcr die Erbringung von Beratungsleistungen ausgew\u00e4hlt ;<\/li>\n<li>Beratungsdienstleistungen: Beratung nach der Erstellung von Informationsformularen<\/li>\n<li>Benutzer: das Subjekt, das auf die Anwendung zugreift, ohne Unterschied der Rechtsnatur und Pers\u00f6nlichkeit, die an den durch die Anwendung angebotenen Produkten interessiert ist;<\/li>\n<li>Verbraucher: eine nat\u00fcrliche Person, die f\u00fcr Zwecke handelt, die in Bezug auf gewerbliche, handwerkliche oder gewerbliche Zwecke von au\u00dferhalb sind;<\/li>\n<li>Bedingungen: Dieser Vertrag regelt die Beziehung zwischen dem Eigent\u00fcmer und den Benutzern und den Verkauf oder die Lieferung der Produkte, die durch die Anwendung angeboten werden.<\/li>\n<\/ul>\n<p><strong>Informationen zu Produkten und Beratungsleistungen<\/strong><\/p>\n<ul>\n<li>Die Site bietet Informationen \u00fcber das Unternehmen, das die Domain besitzt, und in Form einer Anfrage f\u00fcr progressive gef\u00fchrte Compilation und verbindet registrierte Benutzer mit Fachleuten, um Beratungs- und Informationsdienste zu erhalten.<\/li>\n<\/ul>\n<p><strong>Beratungsdienste<\/strong><\/p>\n<ul>\n<li>Beratungs- und Informationsdienste werden Benutzern zur Verf\u00fcgung gestellt, die Informationen anfordern, indem sie die Formulare ausf\u00fcllen.<\/li>\n<li>Das Unternehmen ist verpflichtet, die Verarbeitung der pers\u00f6nlichen Daten des Benutzers, die ihm bekannt werden, unter den Bedingungen absoluter Sicherheit und Vertraulichkeit in \u00dcbereinstimmung mit den ethischen und Datenschutzgesetzen zu behandeln.<\/li>\n<\/ul>\n<p><strong>Anmeldung<\/strong><\/p>\n<ul>\n<li>Um in der Lage zu sein, einige Funktionen der Anwendung, Informationsanforderungsformular, zu verwenden, m\u00fcssen Benutzer die Formulare ausf\u00fcllen, die wahrheitsgem\u00e4\u00df und vollst\u00e4ndig alle angeforderten Daten bereitstellen und die Datenschutzrichtlinie und diese Bedingungen vollst\u00e4ndig akzeptieren.<\/li>\n<li>Es wird davon ausgegangen, dass der Datenverantwortliche unter keinen Umst\u00e4nden f\u00fcr den Verlust, die Verbreitung, den Diebstahl oder die unbefugte Nutzung der Anmeldeinformationen der Nutzer durch Dritte unter einem beliebigen Titel haftbar gemacht werden kann.<\/li>\n<\/ul>\n<p><strong>L\u00f6schung personenbezogener Daten<\/strong><\/p>\n<ul>\n<li>Registrierte Benutzer k\u00f6nnen die Nutzung der Website jederzeit beenden und die L\u00f6schung ihrer \u00fcber die Anwendungsschnittstelle gespeicherten Daten verlangen, wenn m\u00f6glich, oder durch eine schriftliche Mitteilung an die E-Mail-Adresse: privacy@cusinato.site<\/li>\n<li>Der Eigent\u00fcmer beh\u00e4lt sich das Recht vor, die Daten des Benutzers jederzeit und ohne Vorank\u00fcndigung zu sperren oder zu l\u00f6schen, falls der Benutzer diese Bedingungen oder geltende gesetzliche Bestimmungen verletzt.<\/li>\n<\/ul>\n<p><strong>K\u00e4ufe auf der Website<\/strong><\/p>\n<ul>\n<li>Sie k\u00f6nnen keine Eink\u00e4ufe \u00fcber unsere Website t\u00e4tigen.<\/li>\n<\/ul>\n<p><strong>Rechte an gewerblichem und geistigem Eigentum<\/strong><\/p>\n<ul>\n<li>Der Eigent\u00fcmer erkl\u00e4rt, Eigent\u00fcmer und \/ oder Lizenznehmer aller Rechte an geistigem Eigentum zu sein, die mit der Anwendung und \/ oder den Materialien und Inhalten, die auf der Website und \/ oder der Anwendung verf\u00fcgbar sind, in Verbindung stehen und \/ oder in Bezug stehen.<\/li>\n<li>Diese Bedingungen gew\u00e4hren Ihnen keine Nutzungslizenz in Bezug auf die Website und \/ oder Anwendung und \/ oder einzelne Inhalte und \/ oder Materialien, die dort verf\u00fcgbar sind, sofern nicht anders geregelt.<\/li>\n<li>Alle Marken, Bild- oder Nominativ- und alle anderen auf der Website und \/ oder Anwendung erscheinenden Zeichen, Handelsnamen, Dienstleistungsmarken, Wortmarken, Handelsnamen, Illustrationen, Bilder, Logos sind und bleiben Eigentum des Eigent\u00fcmers oder seiner Lizenznehmer und sind durch anwendbare Markengesetze und verwandte internationale Vertr\u00e4ge gesch\u00fctzt.<\/li>\n<li>Jede Vervielf\u00e4ltigung der erkl\u00e4renden Texte und Inhalte auf der Website und \/ oder der Anwendung in irgendeiner Form, sofern nicht genehmigt, wird als Verletzung des geistigen und gewerblichen Eigentums des Eigent\u00fcmers angesehen.<\/li>\n<li>Ausschluss der Gew\u00e4hrleistung, Verantwortlichkeiten und Pflichten des Nutzers<\/li>\n<li>Die Website und \/ oder Anwendung wird \u201cso wie sie ist\u201d und \u201cso wie sie verf\u00fcgbar ist\u201d zur Verf\u00fcgung gestellt und der Eigent\u00fcmer garantiert nicht, dass die Anwendung die Bed\u00fcrfnisse der Benutzer erf\u00fcllen kann oder dass sie nie unterbrochen wurde oder frei von Fehlern, Viren oder Bug.<\/li>\n<li>Jegliche erkl\u00e4rende Texte und die Antworten auf die Fragen der Benutzer, die per E-Mail \u00fcbermittelt werden, sollen nur die Verwendung und das Verst\u00e4ndnis der Produkte erleichtern und sind daher nicht ersch\u00f6pfend und m\u00f6glicherweise nicht an den spezifischen Fall des Benutzers angepasst.<\/li>\n<li>Der Datenverarbeiter bem\u00fcht sich sicherzustellen, dass die Website 24 Stunden am Tag verf\u00fcgbar ist, kann jedoch in keiner Weise haftbar gemacht werden, wenn die Website aus irgendeinem Grund zu irgendeinem Zeitpunkt oder f\u00fcr einen bestimmten Zeitraum nicht zug\u00e4nglich und \/ oder betriebsbereit ist. Bei Systemausfall, Wartung, Reparaturen oder aus Gr\u00fcnden, die nicht mit dem Willen des Eigent\u00fcmers oder aufgrund h\u00f6herer Gewalt in Zusammenhang stehen, kann der Zugang zur Website vor\u00fcbergehend und ohne Vorank\u00fcndigung ausgesetzt werden.<\/li>\n<li>Der Benutzer, der auf die auf der Website angebotenen Dienste zugreift, ist allein und ausschlie\u00dflich verantwortlich f\u00fcr die \u00fcbermittelten Daten sowie das Eigentum an den Daten und, sofern an Dritte verwiesen, die freie Verf\u00fcgbarkeit f\u00fcr die entsprechende Verarbeitung.<\/li>\n<li>Der Nutzer entbindet den Datenverantwortlichen von jeglicher Verantwortung in Bezug auf die illegale Verbreitung von Inhalten Dritter oder die Verwendung der Anwendung in einer Weise, die gegen das Gesetz verst\u00f6\u00dft.<\/li>\n<\/ul>\n<p><strong>Vertraulichkeitspflichten<\/strong><\/p>\n<ul>\n<li>Der Inhaber verpflichtet sich, streng vertrauliche und vertrauliche Daten zu speichern und keine Daten, die bekannt sind oder in irgendeiner Form und \/ oder auf irgendeinem Medium bekannt geworden sind, an Dritte weiterzugeben.<\/li>\n<li>Der Datenverantwortliche erkennt von nun an die Vertraulichkeit der Informationen und Dokumente des Nutzers an, von denen er Kenntnis hat, und erkennt an, dass jegliches Recht, das direkt oder indirekt mit seiner Nutzung in Zusammenhang steht, ausschlie\u00dfliches Eigentum des Nutzers ist und bleibt.<\/li>\n<li>Der Eigent\u00fcmer verpflichtet sich, dies auch nach Art. 1381 des B\u00fcrgerlichen Gesetzbuches, dass alle Dritten, denen die vertraulichen Informationen zur Verf\u00fcgung gestellt werden, in \u00dcbereinstimmung mit den oben genannten Geheimhaltungspflichten handeln.<\/li>\n<\/ul>\n<p><strong>Einschr\u00e4nkung der Verantwortung<\/strong><\/p>\n<ul>\n<li>Der Benutzer kann gegen\u00fcber dem Benutzer nicht verantwortlich gemacht werden, au\u00dfer in F\u00e4llen von Vorsatz oder grober Fahrl\u00e4ssigkeit, f\u00fcr Ineffizienzen oder Fehlfunktionen im Zusammenhang mit der Nutzung des Internets au\u00dferhalb der Kontrolle seiner eigenen oder seiner Unterlieferanten.<\/li>\n<li>Der Benutzer verpflichtet sich, den Inhaber (sowie alle von ihm kontrollierten oder verbundenen Unternehmen, seine Vertreter, Mitarbeiter, Berater, Administratoren, Vertreter, Lizenznehmer, Partner und Mitarbeiter) unbeschadet zu halten und von jeglicher Verpflichtung oder Haftung, einschlie\u00dflich Rechtskosten, die entstehen, um sich vor Gericht zu verteidigen, die sich aus Sch\u00e4den ergeben k\u00f6nnen, die anderen Nutzern oder Dritten in Bezug auf den hochgeladenen Inhalt oder den Versto\u00df gegen die gesetzlichen Bestimmungen oder die Bedingungen dieser Bedingungen entstehen.<\/li>\n<\/ul>\n<p><strong>Daher ist der Inhaber nicht verantwortlich f\u00fcr:<\/strong><\/p>\n<ul>\n<li>jeder Verlust von Gesch\u00e4ftsgelegenheiten und jeglicher anderer Verlust, auch indirekt, der dem Benutzer m\u00f6glicherweise entstanden ist (wie zum Beispiel, aber nicht ersch\u00f6pfend, kommerzielle Verluste, Einkommensverluste, Einkommen, Gewinne oder erwartete Einsparungen, Verlust von Vertr\u00e4gen oder Gesch\u00e4ftsbeziehungen, Reputations- oder Firmenwertverlust usw.);<br \/>\nfalsche oder ungeeignete Nutzung der Anwendung durch Benutzer oder Dritte;<\/li>\n<\/ul>\n<p><strong>H\u00f6here Gewalt<\/strong><\/p>\n<ul>\n<li>Der Halter kann nicht verantwortlich f\u00fcr das Scheitern oder Verz\u00f6gerung bei der Erf\u00fcllung ihrer Verpflichtungen gehalten werden, aufgrund von Umst\u00e4nden, die au\u00dferhalb der Kontrolle des Eigent\u00fcmers aufgrund von Ereignissen h\u00f6here Gewalt oder, wie auch immer, auf unvorhergesehene Ereignisse und unberechenbar und jedoch unabh\u00e4ngig vom Willen der , beispielhaft, St\u00f6rungen oder Unterbrechungen des Telefon oder Stromleitungen, Netzwerk, Internet und \/ oder auf andere Weise an anderen \u00dcbertragungseinrichtungen, Nichtverf\u00fcgbarkeit von Websites, Streiks, Naturkatastrophen, Viren und Cyber-Attacken, Unterbrechungen in Produkte, Dienstleistungen oder Anwendungen von Drittanbietern.<\/li>\n<li>Die Erf\u00fcllung der Verpflichtungen durch den Eigent\u00fcmer gilt f\u00fcr den Zeitraum, in dem Ereignisse h\u00f6herer Gewalt eintreten, als ausgesetzt.<\/li>\n<li>Der f\u00fcr die Datenverarbeitung Verantwortliche wird alle ihm zur Verf\u00fcgung stehenden Ma\u00dfnahmen ergreifen, um L\u00f6sungen zu finden, die die ordnungsgem\u00e4\u00dfe Erf\u00fcllung seiner Verpflichtungen trotz des Fortbestehens h\u00f6herer Gewalt erm\u00f6glichen.<\/li>\n<li>Verbindung zu Websites von Drittanbietern<br \/>\nDie Website und \/ oder Anwendung kann Links zu Websites von Drittanbietern enthalten. Der Eigent\u00fcmer \u00fcbt keine Kontrolle \u00fcber sie aus und ist daher in keiner Weise f\u00fcr den Inhalt dieser Seiten verantwortlich.<\/li>\n<li>Einige dieser Links verweisen m\u00f6glicherweise auf Websites von Drittanbietern, die Dienste \u00fcber die Anwendung bereitstellen. In diesen F\u00e4llen werden die einzelnen Dienstleistungen auf die allgemeinen Bedingungen f\u00fcr die Nutzung der Website und f\u00fcr die Nutzung der Dienstleistung von Dritten, in Bezug auf die der Eigent\u00fcmer keine Verantwortung \u00fcbernimmt, angewendet werden.<\/li>\n<\/ul>\n<p><strong>Verzicht<\/strong><\/p>\n<ul>\n<li>Kein Verzicht jeder Partei auf einen Artikel dieser Bedingungen ist wirksam, sofern nicht ausdr\u00fccklich ein Verzicht erkl\u00e4rt und schriftlich mitgeteilt wird.<\/li>\n<\/ul>\n<p><strong>Ung\u00fcltigkeit einzelner Klauseln<\/strong><\/p>\n<ul>\n<li>Sollte sich eine Bestimmung dieser Bedingungen als illegal oder ung\u00fcltig erweisen, wird sie nicht als Teil der Bedingungen betrachtet und die verbleibenden Bestimmungen bleiben davon unber\u00fchrt, soweit dies gesetzlich zul\u00e4ssig ist.<\/li>\n<\/ul>\n<p><strong>Privatleben<\/strong><\/p>\n<ul>\n<li>Der Schutz und die Verarbeitung personenbezogener Daten erfolgt gem\u00e4\u00df der Datenschutzrichtlinie, die auf der Seite cusinato.com\/de\/privacy-policy abgerufen werden kann<\/li>\n<\/ul>\n<p><strong>Anwendbares Recht und zust\u00e4ndiges Gericht<\/strong><\/p>\n<ul>\n<li>Diese Bedingungen und alle Streitigkeiten bez\u00fcglich der Ausf\u00fchrung, Auslegung und G\u00fcltigkeit unterliegen dem italienischen Recht und der ausschlie\u00dflichen Zust\u00e4ndigkeit des Gerichts des Ortes, an dem sich der Inhaber befindet.<\/li>\n<li>Wenn der Benutzer ein Verbraucher im Sinne von Artikel 3 des Verbrauchergesetzes ist, ist die territoriale Zust\u00e4ndigkeit des Gerichts des Wohnsitzes oder des Wohnsitzes des Verbrauchers obligatorisch, wenn er sich im Hoheitsgebiet des italienischen Staates befindet, mit Ausnahme der Option f\u00fcr den Nutzer Verbraucher an ein anderes Gericht als das \u201cVerbraucherforum\u201d gem\u00e4\u00df Art zu appellieren. 66 bis des Consumer Code, f\u00fcr das Gebiet nach einem der Kriterien in Artikeln. 18, 19 und 20 der Zivilprozessordnung.<\/li>\n<\/ul>\n<p><strong>Online-Streitbeilegung f\u00fcr Verbraucher<\/strong><\/p>\n<ul>\n<li>Der in Europa ans\u00e4ssige Verbraucher muss sich der Tatsache bewusst sein, dass die Europ\u00e4ische Kommission eine Online-Plattform eingerichtet hat, die ein alternatives Tool zur Streitbeilegung bietet. Dieses Tool kann vom Verbraucher zur au\u00dfergerichtlichen Beilegung von Rechtsstreitigkeiten verwendet werden, die sich aus Vertr\u00e4gen \u00fcber den Verkauf von Waren und Dienstleistungen ergeben, die im Netzwerk festgelegt sind. Folglich kann der Verbraucher diese Plattform f\u00fcr die Beilegung von Streitigkeiten nutzen, die sich aus dem mit dem Eigent\u00fcmer vereinbarten Online-Vertrag ergeben. Die Plattform ist unter folgender Adresse verf\u00fcgbar:http:\/\/ec.europa.eu\/consumers\/odr\/<\/li>\n<\/ul>\n<p>Zuletzt ge\u00e4ndert: 25\/05\/2018<\/p>\n","protected":false},"excerpt":{"rendered":"<p>Der Benutzer, der die Dienste von cusinato.com \u2013 cusinato.us \u2013 cusinato.fr \u2013 cusinato.es \u2013 cusinato.de \u2013 cusinato.ru(genannt \u201cSite\u201d) nutzt, erkl\u00e4rt, diese Allgemeinen Gesch\u00e4ftsbedingungen (genannt \u201cBedingungen\u201d) gelesen und akzeptiert zu haben Das CUSINATO GIOVANNI Srl Soc. Unipersonalebeh\u00e4lt sich das Recht vor, \u00c4nderungen vorzunehmen, die nach dem Ermessen von CUSINATO GIOVANNI Srl Soc. Unipersonaleohne vorherige Ank\u00fcndigung zu [&hellip;]<\/p>\n","protected":false},"author":1,"featured_media":0,"parent":0,"menu_order":0,"comment_status":"closed","ping_status":"closed","template":"privacy.php","meta":{"footnotes":""},"class_list":["post-1457","page","type-page","status-publish","hentry"],"acf":[],"yoast_head":"<!-- This site is optimized with the Yoast SEO plugin v26.3 - https:\/\/yoast.com\/wordpress\/plugins\/seo\/ -->\n<title>Allgemeine Gesch\u00e4ftsbedingungen - Cusinato<\/title>\n<meta name=\"robots\" content=\"noindex, follow\" \/>\n<meta property=\"og:locale\" content=\"de_DE\" \/>\n<meta property=\"og:type\" content=\"article\" \/>\n<meta property=\"og:title\" content=\"Allgemeine Gesch\u00e4ftsbedingungen - Cusinato\" \/>\n<meta property=\"og:description\" content=\"Der Benutzer, der die Dienste von cusinato.com \u2013 cusinato.us \u2013 cusinato.fr \u2013 cusinato.es \u2013 cusinato.de \u2013 cusinato.ru(genannt \u201cSite\u201d) nutzt, erkl\u00e4rt, diese Allgemeinen Gesch\u00e4ftsbedingungen (genannt \u201cBedingungen\u201d) gelesen und akzeptiert zu haben Das CUSINATO GIOVANNI Srl Soc. Unipersonalebeh\u00e4lt sich das Recht vor, \u00c4nderungen vorzunehmen, die nach dem Ermessen von CUSINATO GIOVANNI Srl Soc. Unipersonaleohne vorherige Ank\u00fcndigung zu [&hellip;]\" \/>\n<meta property=\"og:url\" content=\"https:\/\/cusinato.com\/de\/allgemeine-geschaeftsbedingungen\/\" \/>\n<meta property=\"og:site_name\" content=\"Cusinato\" \/>\n<meta property=\"article:modified_time\" content=\"2019-03-06T11:55:55+00:00\" \/>\n<meta name=\"twitter:card\" content=\"summary_large_image\" \/>\n<meta name=\"twitter:label1\" content=\"Gesch\u00e4tzte Lesezeit\" \/>\n\t<meta name=\"twitter:data1\" content=\"9\u00a0Minuten\" \/>\n<script type=\"application\/ld+json\" class=\"yoast-schema-graph\">{\"@context\":\"https:\/\/schema.org\",\"@graph\":[{\"@type\":\"WebPage\",\"@id\":\"https:\/\/cusinato.com\/de\/allgemeine-geschaeftsbedingungen\/\",\"url\":\"https:\/\/cusinato.com\/de\/allgemeine-geschaeftsbedingungen\/\",\"name\":\"Allgemeine Gesch\u00e4ftsbedingungen - Cusinato\",\"isPartOf\":{\"@id\":\"https:\/\/cusinato.com\/de\/#website\"},\"datePublished\":\"2019-02-08T13:56:01+00:00\",\"dateModified\":\"2019-03-06T11:55:55+00:00\",\"breadcrumb\":{\"@id\":\"https:\/\/cusinato.com\/de\/allgemeine-geschaeftsbedingungen\/#breadcrumb\"},\"inLanguage\":\"de\",\"potentialAction\":[{\"@type\":\"ReadAction\",\"target\":[\"https:\/\/cusinato.com\/de\/allgemeine-geschaeftsbedingungen\/\"]}]},{\"@type\":\"BreadcrumbList\",\"@id\":\"https:\/\/cusinato.com\/de\/allgemeine-geschaeftsbedingungen\/#breadcrumb\",\"itemListElement\":[{\"@type\":\"ListItem\",\"position\":1,\"name\":\"Home\",\"item\":\"https:\/\/cusinato.com\/de\/\"},{\"@type\":\"ListItem\",\"position\":2,\"name\":\"Allgemeine Gesch\u00e4ftsbedingungen\"}]},{\"@type\":\"WebSite\",\"@id\":\"https:\/\/cusinato.com\/de\/#website\",\"url\":\"https:\/\/cusinato.com\/de\/\",\"name\":\"Cusinato\",\"description\":\"Macchine di trasporto e lo stoccaggio\",\"publisher\":{\"@id\":\"https:\/\/cusinato.com\/de\/#organization\"},\"potentialAction\":[{\"@type\":\"SearchAction\",\"target\":{\"@type\":\"EntryPoint\",\"urlTemplate\":\"https:\/\/cusinato.com\/de\/?s={search_term_string}\"},\"query-input\":{\"@type\":\"PropertyValueSpecification\",\"valueRequired\":true,\"valueName\":\"search_term_string\"}}],\"inLanguage\":\"de\"},{\"@type\":\"Organization\",\"@id\":\"https:\/\/cusinato.com\/de\/#organization\",\"name\":\"Cusinato\",\"url\":\"https:\/\/cusinato.com\/de\/\",\"logo\":{\"@type\":\"ImageObject\",\"inLanguage\":\"de\",\"@id\":\"https:\/\/cusinato.com\/de\/#\/schema\/logo\/image\/\",\"url\":\"https:\/\/cusinato.com\/wp-content\/uploads\/2024\/01\/cusinato_logo_24.png\",\"contentUrl\":\"https:\/\/cusinato.com\/wp-content\/uploads\/2024\/01\/cusinato_logo_24.png\",\"width\":296,\"height\":64,\"caption\":\"Cusinato\"},\"image\":{\"@id\":\"https:\/\/cusinato.com\/de\/#\/schema\/logo\/image\/\"}}]}<\/script>\n<!-- \/ Yoast SEO plugin. -->","yoast_head_json":{"title":"Allgemeine Gesch\u00e4ftsbedingungen - Cusinato","robots":{"index":"noindex","follow":"follow"},"og_locale":"de_DE","og_type":"article","og_title":"Allgemeine Gesch\u00e4ftsbedingungen - Cusinato","og_description":"Der Benutzer, der die Dienste von cusinato.com \u2013 cusinato.us \u2013 cusinato.fr \u2013 cusinato.es \u2013 cusinato.de \u2013 cusinato.ru(genannt \u201cSite\u201d) nutzt, erkl\u00e4rt, diese Allgemeinen Gesch\u00e4ftsbedingungen (genannt \u201cBedingungen\u201d) gelesen und akzeptiert zu haben Das CUSINATO GIOVANNI Srl Soc. Unipersonalebeh\u00e4lt sich das Recht vor, \u00c4nderungen vorzunehmen, die nach dem Ermessen von CUSINATO GIOVANNI Srl Soc. Unipersonaleohne vorherige Ank\u00fcndigung zu [&hellip;]","og_url":"https:\/\/cusinato.com\/de\/allgemeine-geschaeftsbedingungen\/","og_site_name":"Cusinato","article_modified_time":"2019-03-06T11:55:55+00:00","twitter_card":"summary_large_image","twitter_misc":{"Gesch\u00e4tzte Lesezeit":"9\u00a0Minuten"},"schema":{"@context":"https:\/\/schema.org","@graph":[{"@type":"WebPage","@id":"https:\/\/cusinato.com\/de\/allgemeine-geschaeftsbedingungen\/","url":"https:\/\/cusinato.com\/de\/allgemeine-geschaeftsbedingungen\/","name":"Allgemeine Gesch\u00e4ftsbedingungen - Cusinato","isPartOf":{"@id":"https:\/\/cusinato.com\/de\/#website"},"datePublished":"2019-02-08T13:56:01+00:00","dateModified":"2019-03-06T11:55:55+00:00","breadcrumb":{"@id":"https:\/\/cusinato.com\/de\/allgemeine-geschaeftsbedingungen\/#breadcrumb"},"inLanguage":"de","potentialAction":[{"@type":"ReadAction","target":["https:\/\/cusinato.com\/de\/allgemeine-geschaeftsbedingungen\/"]}]},{"@type":"BreadcrumbList","@id":"https:\/\/cusinato.com\/de\/allgemeine-geschaeftsbedingungen\/#breadcrumb","itemListElement":[{"@type":"ListItem","position":1,"name":"Home","item":"https:\/\/cusinato.com\/de\/"},{"@type":"ListItem","position":2,"name":"Allgemeine Gesch\u00e4ftsbedingungen"}]},{"@type":"WebSite","@id":"https:\/\/cusinato.com\/de\/#website","url":"https:\/\/cusinato.com\/de\/","name":"Cusinato","description":"Macchine di trasporto e lo stoccaggio","publisher":{"@id":"https:\/\/cusinato.com\/de\/#organization"},"potentialAction":[{"@type":"SearchAction","target":{"@type":"EntryPoint","urlTemplate":"https:\/\/cusinato.com\/de\/?s={search_term_string}"},"query-input":{"@type":"PropertyValueSpecification","valueRequired":true,"valueName":"search_term_string"}}],"inLanguage":"de"},{"@type":"Organization","@id":"https:\/\/cusinato.com\/de\/#organization","name":"Cusinato","url":"https:\/\/cusinato.com\/de\/","logo":{"@type":"ImageObject","inLanguage":"de","@id":"https:\/\/cusinato.com\/de\/#\/schema\/logo\/image\/","url":"https:\/\/cusinato.com\/wp-content\/uploads\/2024\/01\/cusinato_logo_24.png","contentUrl":"https:\/\/cusinato.com\/wp-content\/uploads\/2024\/01\/cusinato_logo_24.png","width":296,"height":64,"caption":"Cusinato"},"image":{"@id":"https:\/\/cusinato.com\/de\/#\/schema\/logo\/image\/"}}]}},"_links":{"self":[{"href":"https:\/\/cusinato.com\/de\/wp-json\/wp\/v2\/pages\/1457","targetHints":{"allow":["GET"]}}],"collection":[{"href":"https:\/\/cusinato.com\/de\/wp-json\/wp\/v2\/pages"}],"about":[{"href":"https:\/\/cusinato.com\/de\/wp-json\/wp\/v2\/types\/page"}],"author":[{"embeddable":true,"href":"https:\/\/cusinato.com\/de\/wp-json\/wp\/v2\/users\/1"}],"replies":[{"embeddable":true,"href":"https:\/\/cusinato.com\/de\/wp-json\/wp\/v2\/comments?post=1457"}],"version-history":[{"count":4,"href":"https:\/\/cusinato.com\/de\/wp-json\/wp\/v2\/pages\/1457\/revisions"}],"predecessor-version":[{"id":1487,"href":"https:\/\/cusinato.com\/de\/wp-json\/wp\/v2\/pages\/1457\/revisions\/1487"}],"wp:attachment":[{"href":"https:\/\/cusinato.com\/de\/wp-json\/wp\/v2\/media?parent=1457"}],"curies":[{"name":"wp","href":"https:\/\/api.w.org\/{rel}","templated":true}]}}